{"id":22,"date":"2022-03-15T23:28:24","date_gmt":"2022-03-15T22:28:24","guid":{"rendered":"https:\/\/www.kjpwiesbaden.de\/?page_id=22"},"modified":"2023-09-13T12:45:00","modified_gmt":"2023-09-13T10:45:00","slug":"kosten","status":"publish","type":"page","link":"https:\/\/www.kjpwiesbaden.de\/index.php\/kosten\/","title":{"rendered":"Kosten"},"content":{"rendered":"\n<p><strong>Das Angebot richtet sich an Privatversicherte, Beihilfeberechtigte und Selbstzahler. Eine Abrechnung mit gesetzlichen Krankenkassen kann nur im Ausnahmefall stattfinden, siehe unten.&nbsp;<\/strong><br>Die Kosten f\u00fcr die Behandlung orientieren sich an der \u201cGeb\u00fchrenordnung f\u00fcr PsychotherapeutInnen\u201d (<a href=\"https:\/\/www.bptk.de\/wp-content\/uploads\/2020\/04\/GOP-Infotabelle_Stand-2020.pdf\">GOP<\/a>). &nbsp;<\/p>\n\n\n\n<p>Privatversicherte:<br><br>In der Regel werden die Kosten f\u00fcr die Psychotherapie Ihres Kindes bei einem approbierten Kinder- und Jugendlichenpsychotherapeuten\/-in von Ihrer privaten Krankenversicherung ganz oder teilweise \u00fcbernommen (Ausnahme: Selbstzahler). Bitte kl\u00e4ren Sie im Vorfeld mit Ihrer Krankenversicherung welche vertragliche Vereinbarung bzgl. einer Psychotherapie festgelegt wurden. Da nicht bei jeder Versicherung und bei jedem Tarif die Kosten vollst\u00e4ndig \u00fcbernommen werden, k\u00f6nnen eventuell Zuzahlungen notwendig werden.&nbsp;<\/p>\n\n\n\n<p>Sie k\u00f6nnen auch zu Ihrer eigenen Absicherung Ihre Krankenversicherung darum bitten, Ihnen die Informationen schriftlich zu geben.&nbsp;<\/p>\n\n\n\n<p><strong>Check-Liste&nbsp;<\/strong><\/p>\n\n\n\n<p>Kl\u00e4ren Sie im Vorfeld:<\/p>\n\n\n\n<ul class=\"wp-block-list\">\n<li>Ob und in welchem Umfang  eine Kosten\u00fcbernahme in ihrem Fall erfolgt<\/li>\n\n\n\n<li>In welchem Umfang werden probatorische Sitzungen zus\u00e4tzlich zum Stundenkontingent f\u00fcr die Behandlung erstattet&nbsp;?<\/li>\n\n\n\n<li>Wird vor Beginn der Psychotherapie ein gutachterlicher Bericht der behandelnden Psychotherapeutin verlangt?&nbsp;<\/li>\n\n\n\n<li>Werden Formulare \u2013 ausgef\u00fcllt von der behandelnden Psychotherapeutin \u2013 verlangt? Wenn ja, bringen Sie diese zu Ihrem Termin mit!&nbsp;<\/li>\n\n\n\n<li>Ab wann werden genehmigungspflichtige Therapiesitzungen erstattet?&nbsp;<\/li>\n\n\n\n<li>Erfolgt die Erstattung der Sitzungen immer erst nach erteilter Genehmigung? Wie lange ben\u00f6tigt die Verwaltung f\u00fcr die Genehmigung im Antragsverfahren?&nbsp;<\/li>\n<\/ul>\n\n\n\n<p>Beihilfeberechtigte:&nbsp;<\/p>\n\n\n\n<p>F\u00fcr Beamte \u00fcbernimmt die Beihilfe einen Teil der Kosten f\u00fcr die Behandlung durch zugelassene Psychotherapeuten\/-innen. Im Allgemeinen gew\u00e4hrt die Beihilfe mindestens eine 50 -prozentige Erstattung der beihilfef\u00e4higen Aufwendungen. Auch in diesem Fall ist es ratsam, sich <em>vor Behandlungsbeginn<\/em> die Kosten\u00fcbernahme schriftlich best\u00e4tigen zu lassen.&nbsp;<\/p>\n\n\n\n<p>Gesetzlich Versicherte: <\/p>\n\n\n\n<p>Die Abrechnung mit gesetzlichen Krankenkassen kann nur im Ausnahmefall und nach vorheriger Sondergenehmigung stattfinden.\u00a0<br>Aufgrund vieler Negativerfahrungen biete ich derzeit das Kostenerstattungsverfahren nicht an. <br>Gesetzlich Versicherte haben leider nur die M\u00f6glichkeit das Behandlungsangebot auf Selbstzahlerbasis zu nutzen.<\/p>\n","protected":false},"excerpt":{"rendered":"<p>Das Angebot richtet sich an Privatversicherte, Beihilfeberechtigte und Selbstzahler. Eine Abrechnung mit gesetzlichen Krankenkassen kann nur im Ausnahmefall stattfinden, siehe unten.&nbsp;Die Kosten f\u00fcr die Behandlung orientieren sich an der \u201cGeb\u00fchrenordnung f\u00fcr PsychotherapeutInnen\u201d (GOP). &nbsp; Privatversicherte: In der Regel werden die Kosten f\u00fcr die Psychotherapie Ihres Kindes bei einem approbierten Kinder- und Jugendlichenpsychotherapeuten\/-in von Ihrer privaten [&hellip;]<\/p>\n","protected":false},"author":1,"featured_media":137,"parent":0,"menu_order":3,"comment_status":"closed","ping_status":"closed","template":"","meta":{"footnotes":""},"class_list":["post-22","page","type-page","status-publish","has-post-thumbnail","hentry"],"_links":{"self":[{"href":"https:\/\/www.kjpwiesbaden.de\/index.php\/wp-json\/wp\/v2\/pages\/22","targetHints":{"allow":["GET"]}}],"collection":[{"href":"https:\/\/www.kjpwiesbaden.de\/index.php\/wp-json\/wp\/v2\/pages"}],"about":[{"href":"https:\/\/www.kjpwiesbaden.de\/index.php\/wp-json\/wp\/v2\/types\/page"}],"author":[{"embeddable":true,"href":"https:\/\/www.kjpwiesbaden.de\/index.php\/wp-json\/wp\/v2\/users\/1"}],"replies":[{"embeddable":true,"href":"https:\/\/www.kjpwiesbaden.de\/index.php\/wp-json\/wp\/v2\/comments?post=22"}],"version-history":[{"count":9,"href":"https:\/\/www.kjpwiesbaden.de\/index.php\/wp-json\/wp\/v2\/pages\/22\/revisions"}],"predecessor-version":[{"id":342,"href":"https:\/\/www.kjpwiesbaden.de\/index.php\/wp-json\/wp\/v2\/pages\/22\/revisions\/342"}],"wp:featuredmedia":[{"embeddable":true,"href":"https:\/\/www.kjpwiesbaden.de\/index.php\/wp-json\/wp\/v2\/media\/137"}],"wp:attachment":[{"href":"https:\/\/www.kjpwiesbaden.de\/index.php\/wp-json\/wp\/v2\/media?parent=22"}],"curies":[{"name":"wp","href":"https:\/\/api.w.org\/{rel}","templated":true}]}}