{"id":42,"date":"2022-03-16T00:14:07","date_gmt":"2022-03-15T23:14:07","guid":{"rendered":"https:\/\/www.kjpwiesbaden.de\/?page_id=42"},"modified":"2023-09-13T12:41:25","modified_gmt":"2023-09-13T10:41:25","slug":"herzlich-willkommen","status":"publish","type":"page","link":"https:\/\/www.kjpwiesbaden.de\/","title":{"rendered":"Herzlich Willkommen"},"content":{"rendered":"\n<p>\u200bIch bin Kristina Maier und biete Psychotherapie in Wiesbaden an! Als approbierte Kinder- und Jugendlichenpsychotherapeutin mit dem Schwerpunkt der tiefenpsychologisch fundierten Psychotherapie bin ich auf die Behandlung von Patienten und Patientinnen von 6 bis maximal 21 Jahren spezialisiert. Ich freue mich Euch in meiner Praxis in Wiesbaden zu begr\u00fc\u00dfen! \u00a0<\/p>\n\n\n\n<p>Die Homepage bietet die M\u00f6glichkeit einen kleinen Einblick in mein Behandlungsangebot&nbsp;zu bekommen&nbsp;und sich \u00fcber die Psychotherapie f\u00fcr Kinder und Jugendliche&nbsp;zu informieren. &nbsp;<\/p>\n\n\n\n<p>Bei Interesse an einem Termin zum ersten Kennenlernen senden Sie mir bitte eine E-Mail mit Ihrer Telefonnummer. Ich melde mich dann so schnell wie m\u00f6glich bei Ihnen zur\u00fcck. Sie finden die Praxis mitten in der Wiesbadener Innenstadt in unmittelbarer N\u00e4he zur Fu\u00dfg\u00e4ngerzone.&nbsp;<\/p>\n","protected":false},"excerpt":{"rendered":"<p>\u200bIch bin Kristina Maier und biete Psychotherapie in Wiesbaden an! Als approbierte Kinder- und Jugendlichenpsychotherapeutin mit dem Schwerpunkt der tiefenpsychologisch fundierten Psychotherapie bin ich auf die Behandlung von Patienten und Patientinnen von 6 bis maximal 21 Jahren spezialisiert. Ich freue mich Euch in meiner Praxis in Wiesbaden zu begr\u00fc\u00dfen! \u00a0 Die Homepage bietet die M\u00f6glichkeit [&hellip;]<\/p>\n","protected":false},"author":1,"featured_media":141,"parent":0,"menu_order":0,"comment_status":"closed","ping_status":"closed","template":"","meta":{"footnotes":""},"class_list":["post-42","page","type-page","status-publish","has-post-thumbnail","hentry"],"_links":{"self":[{"href":"https:\/\/www.kjpwiesbaden.de\/index.php\/wp-json\/wp\/v2\/pages\/42","targetHints":{"allow":["GET"]}}],"collection":[{"href":"https:\/\/www.kjpwiesbaden.de\/index.php\/wp-json\/wp\/v2\/pages"}],"about":[{"href":"https:\/\/www.kjpwiesbaden.de\/index.php\/wp-json\/wp\/v2\/types\/page"}],"author":[{"embeddable":true,"href":"https:\/\/www.kjpwiesbaden.de\/index.php\/wp-json\/wp\/v2\/users\/1"}],"replies":[{"embeddable":true,"href":"https:\/\/www.kjpwiesbaden.de\/index.php\/wp-json\/wp\/v2\/comments?post=42"}],"version-history":[{"count":6,"href":"https:\/\/www.kjpwiesbaden.de\/index.php\/wp-json\/wp\/v2\/pages\/42\/revisions"}],"predecessor-version":[{"id":328,"href":"https:\/\/www.kjpwiesbaden.de\/index.php\/wp-json\/wp\/v2\/pages\/42\/revisions\/328"}],"wp:featuredmedia":[{"embeddable":true,"href":"https:\/\/www.kjpwiesbaden.de\/index.php\/wp-json\/wp\/v2\/media\/141"}],"wp:attachment":[{"href":"https:\/\/www.kjpwiesbaden.de\/index.php\/wp-json\/wp\/v2\/media?parent=42"}],"curies":[{"name":"wp","href":"https:\/\/api.w.org\/{rel}","templated":true}]}}