{"id":88,"date":"2022-03-21T14:03:19","date_gmt":"2022-03-21T13:03:19","guid":{"rendered":"https:\/\/www.kjpwiesbaden.de\/?page_id=88"},"modified":"2022-03-30T10:08:32","modified_gmt":"2022-03-30T08:08:32","slug":"impressum","status":"publish","type":"page","link":"https:\/\/www.kjpwiesbaden.de\/index.php\/impressum\/","title":{"rendered":"Impressum"},"content":{"rendered":"\n<p class=\"has-text-align-left\"><em><sup>Angaben gem\u00e4\u00df \u00a7 5 Telemediengesetz (TMG):<\/sup><\/em><\/p>\n\n\n\n<p>Seitenbetreiberin: Kristina Maier<br>Adresse der Seitenbetreiberin: Friedrichstr. 55 \u2013 65183 Wiesbaden<br>E-Mail-Adresse: info@kjpwiesbaden.de<\/p>\n\n\n\n<p><\/p>\n\n\n\n<h4 class=\"has-text-align-center wp-block-heading\"><mark style=\"background-color:rgba(0, 0, 0, 0)\" class=\"has-inline-color has-foreground-color\"><sub>Rechtliches:<\/sub><\/mark><\/h4>\n\n\n\n<p><strong>Gesetzliche Berufsbezeichnung:<\/strong><br><br>M.A. Erziehungswissenschaft, Kinder- und Jugendlichenpsychotherapeutin <br>verliehen in der Bundesrepublik Deutschland,<br>Approbation durch das Hessische Landespr\u00fcfungs- und Untersuchungsamt im Gesundheitswesen<\/p>\n\n\n\n<p><strong>Berufsrechtliche Regelungen:<\/strong> <br><br>Es gilt das Psychotherapeutengesetz (PsychThG) sowie die Berufsordnung der Psychotherapeutenkammer Hessen. Die Texte sind einsichtig bei der Psychotherapeutenkammer Hessen unter www.ptk-hessen.de<\/p>\n\n\n\n<p><strong>Zust\u00e4ndige Aufsichtsbeh\u00f6rde:<\/strong><br><br>Landespsychotherapeutenkammer f\u00fcr Psychologische Psychotherapeutinnen und Psychotherapeuten<br><br>Psychotherapeutenkammer Hessen, K\u00f6rperschaft des \u00f6ffentlichen Rechts f\u00fcr Psychologische Psychotherapeuten und Kinder- und Jugendtherapeuten, Gesch\u00e4ftsstelle, Frankfurter Str.8, 65189 Wiesbaden<\/p>\n\n\n\n<p><strong>Umsatzsteuer-ID:<\/strong> <br>Entf\u00e4llt, da psychotherapeutische Leistungen gem\u00e4\u00df \u00a7 4 Nr. 14 Umsatzsteuergesetz als Heilberufe gelten und somit steuerbefreit sind.<\/p>\n\n\n\n<p><strong>Lebenslange Arztnummer (LANR):<\/strong><br>Eingetragen im Psychotherapeutenregister der kassen\u00e4rztlichen Vereinigung Hessen. LANR: auf Anfrage<\/p>\n\n\n\n<p><strong>Haftung f\u00fcr Inhalte:<\/strong><br>Die Inhalte dieser Webseiten wurden sorgf\u00e4ltig gepr\u00fcft und nach bestem Wissen erstellt. F\u00fcr die hier angebotenen Informationen wird kein Anspruch auf Vollst\u00e4ndigkeit, Aktualit\u00e4t, Qualit\u00e4t und\/oder Richtigkeit erhoben. Es kann keine Verantwortung f\u00fcr Sch\u00e4den \u00fcbernommen werden, die durch das Vertrauen auf die Inhalte dieser Webseite oder deren Nutzung entstehen.<\/p>\n\n\n\n<p><strong>Haftung f\u00fcr Links:<\/strong><br>Mein Angebot enth\u00e4lt Links zu externen Websites Dritter, auf deren Inhalte wir keinen Einfluss haben. Deshalb k\u00f6nnen wir f\u00fcr diese fremden Inhalte auch keine Gew\u00e4hr \u00fcbernehmen. F\u00fcr die Inhalte der verlinkten Seiten ist stets der jeweilige Anbieter oder Betreiber der Seiten verantwortlich. Die verlinkten Seiten wurden zum Zeitpunkt der Verlinkung auf m\u00f6gliche Rechtsverst\u00f6\u00dfe \u00fcberpr\u00fcft. Rechtswidrige Inhalte waren zum Zeitpunkt der Verlinkung nicht erkennbar. Eine permanente inhaltliche Kontrolle der verlinkten Seiten ist jedoch ohne konkrete Anhaltspunkte einer Rechtsverletzung nicht zumutbar. Bei Bekanntwerden von Rechtsverletzungen werden wir derartige Links umgehend entfernen.<\/p>\n\n\n\n<p><\/p>\n","protected":false},"excerpt":{"rendered":"<p>Angaben gem\u00e4\u00df \u00a7 5 Telemediengesetz (TMG): Seitenbetreiberin: Kristina MaierAdresse der Seitenbetreiberin: Friedrichstr. 55 \u2013 65183 WiesbadenE-Mail-Adresse: info@kjpwiesbaden.de Rechtliches: Gesetzliche Berufsbezeichnung: M.A. Erziehungswissenschaft, Kinder- und Jugendlichenpsychotherapeutin verliehen in der Bundesrepublik Deutschland,Approbation durch das Hessische Landespr\u00fcfungs- und Untersuchungsamt im Gesundheitswesen Berufsrechtliche Regelungen: Es gilt das Psychotherapeutengesetz (PsychThG) sowie die Berufsordnung der Psychotherapeutenkammer Hessen. Die Texte sind einsichtig [&hellip;]<\/p>\n","protected":false},"author":1,"featured_media":0,"parent":0,"menu_order":0,"comment_status":"closed","ping_status":"closed","template":"","meta":{"footnotes":""},"class_list":["post-88","page","type-page","status-publish","hentry"],"_links":{"self":[{"href":"https:\/\/www.kjpwiesbaden.de\/index.php\/wp-json\/wp\/v2\/pages\/88","targetHints":{"allow":["GET"]}}],"collection":[{"href":"https:\/\/www.kjpwiesbaden.de\/index.php\/wp-json\/wp\/v2\/pages"}],"about":[{"href":"https:\/\/www.kjpwiesbaden.de\/index.php\/wp-json\/wp\/v2\/types\/page"}],"author":[{"embeddable":true,"href":"https:\/\/www.kjpwiesbaden.de\/index.php\/wp-json\/wp\/v2\/users\/1"}],"replies":[{"embeddable":true,"href":"https:\/\/www.kjpwiesbaden.de\/index.php\/wp-json\/wp\/v2\/comments?post=88"}],"version-history":[{"count":6,"href":"https:\/\/www.kjpwiesbaden.de\/index.php\/wp-json\/wp\/v2\/pages\/88\/revisions"}],"predecessor-version":[{"id":305,"href":"https:\/\/www.kjpwiesbaden.de\/index.php\/wp-json\/wp\/v2\/pages\/88\/revisions\/305"}],"wp:attachment":[{"href":"https:\/\/www.kjpwiesbaden.de\/index.php\/wp-json\/wp\/v2\/media?parent=88"}],"curies":[{"name":"wp","href":"https:\/\/api.w.org\/{rel}","templated":true}]}}